{"id":171,"date":"2023-12-21T23:50:23","date_gmt":"2023-12-21T23:50:23","guid":{"rendered":"https:\/\/luzdelunazacatlan.com\/?page_id=171"},"modified":"2025-12-05T02:48:08","modified_gmt":"2025-12-05T02:48:08","slug":"departamento-2","status":"publish","type":"page","link":"https:\/\/luzdelunazacatlan.com\/index.php\/departamentos\/departamento-2\/","title":{"rendered":"Departamento 2"},"content":{"rendered":"\t\t<div data-elementor-type=\"wp-page\" data-elementor-id=\"171\" class=\"elementor elementor-171\">\n\t\t\t\t<div class=\"elementor-element elementor-element-93b1bfd e-flex e-con-boxed e-con e-parent\" data-id=\"93b1bfd\" data-element_type=\"container\">\n\t\t\t\t\t<div class=\"e-con-inner\">\n\t\t<div class=\"elementor-element elementor-element-0fb4f91 e-con-full e-flex e-con e-child\" data-id=\"0fb4f91\" data-element_type=\"container\">\n\t\t\t\t<div class=\"elementor-element elementor-element-f66ef38 elementor-arrows-position-inside elementor-pagination-position-outside elementor-widget elementor-widget-image-carousel\" data-id=\"f66ef38\" data-element_type=\"widget\" data-settings=\"{&quot;slides_to_show&quot;:&quot;1&quot;,&quot;navigation&quot;:&quot;both&quot;,&quot;autoplay&quot;:&quot;yes&quot;,&quot;pause_on_hover&quot;:&quot;yes&quot;,&quot;pause_on_interaction&quot;:&quot;yes&quot;,&quot;autoplay_speed&quot;:5000,&quot;infinite&quot;:&quot;yes&quot;,&quot;effect&quot;:&quot;slide&quot;,&quot;speed&quot;:500}\" data-widget_type=\"image-carousel.default\">\n\t\t\t\t<div class=\"elementor-widget-container\">\n\t\t\t\t\t\t\t<div class=\"elementor-image-carousel-wrapper swiper\" role=\"region\" aria-roledescription=\"carousel\" aria-label=\"Carrusel de Im\u00e1genes\" dir=\"ltr\">\n\t\t\t<div class=\"elementor-image-carousel swiper-wrapper\" aria-live=\"off\">\n\t\t\t\t\t\t\t\t<div class=\"swiper-slide\" role=\"group\" aria-roledescription=\"slide\" aria-label=\"1 de 4\"><figure class=\"swiper-slide-inner\"><img decoding=\"async\" class=\"swiper-slide-image\" src=\"https:\/\/luzdelunazacatlan.com\/wp-content\/uploads\/2023\/12\/DSC_0209-768x512.jpg\" alt=\"DSC_0209\" \/><\/figure><\/div><div class=\"swiper-slide\" role=\"group\" aria-roledescription=\"slide\" aria-label=\"2 de 4\"><figure class=\"swiper-slide-inner\"><img decoding=\"async\" class=\"swiper-slide-image\" src=\"https:\/\/luzdelunazacatlan.com\/wp-content\/uploads\/2023\/12\/DSC_0214-768x512.jpg\" alt=\"DSC_0214\" \/><\/figure><\/div><div class=\"swiper-slide\" role=\"group\" aria-roledescription=\"slide\" aria-label=\"3 de 4\"><figure class=\"swiper-slide-inner\"><img decoding=\"async\" class=\"swiper-slide-image\" src=\"https:\/\/luzdelunazacatlan.com\/wp-content\/uploads\/2023\/12\/DSC_0213-768x512.jpg\" alt=\"DSC_0213\" \/><\/figure><\/div><div class=\"swiper-slide\" role=\"group\" aria-roledescription=\"slide\" aria-label=\"4 de 4\"><figure class=\"swiper-slide-inner\"><img decoding=\"async\" class=\"swiper-slide-image\" src=\"https:\/\/luzdelunazacatlan.com\/wp-content\/uploads\/2023\/12\/DSC_0212-768x512.jpg\" alt=\"DSC_0212\" \/><\/figure><\/div>\t\t\t<\/div>\n\t\t\t\t\t\t\t\t\t\t\t\t<div class=\"elementor-swiper-button elementor-swiper-button-prev\" role=\"button\" tabindex=\"0\">\n\t\t\t\t\t\t<svg aria-hidden=\"true\" class=\"e-font-icon-svg e-eicon-chevron-left\" viewBox=\"0 0 1000 1000\" xmlns=\"http:\/\/www.w3.org\/2000\/svg\"><path d=\"M646 125C629 125 613 133 604 142L308 442C296 454 292 471 292 487 292 504 296 521 308 533L604 854C617 867 629 875 646 875 663 875 679 871 692 858 704 846 713 829 713 812 713 796 708 779 692 767L438 487 692 225C700 217 708 204 708 187 708 171 704 154 692 142 675 129 663 125 646 125Z\"><\/path><\/svg>\t\t\t\t\t<\/div>\n\t\t\t\t\t<div class=\"elementor-swiper-button elementor-swiper-button-next\" role=\"button\" tabindex=\"0\">\n\t\t\t\t\t\t<svg aria-hidden=\"true\" class=\"e-font-icon-svg e-eicon-chevron-right\" viewBox=\"0 0 1000 1000\" xmlns=\"http:\/\/www.w3.org\/2000\/svg\"><path d=\"M696 533C708 521 713 504 713 487 713 471 708 454 696 446L400 146C388 133 375 125 354 125 338 125 325 129 313 142 300 154 292 171 292 187 292 204 296 221 308 233L563 492 304 771C292 783 288 800 288 817 288 833 296 850 308 863 321 871 338 875 354 875 371 875 388 867 400 854L696 533Z\"><\/path><\/svg>\t\t\t\t\t<\/div>\n\t\t\t\t\n\t\t\t\t\t\t\t\t\t<div class=\"swiper-pagination\"><\/div>\n\t\t\t\t\t\t\t\t\t<\/div>\n\t\t\t\t\t\t<\/div>\n\t\t\t\t<\/div>\n\t\t\t\t<\/div>\n\t\t<div class=\"elementor-element elementor-element-0e124fa e-con-full e-flex e-con e-child\" data-id=\"0e124fa\" data-element_type=\"container\">\n\t\t<div class=\"elementor-element elementor-element-2bc55de e-flex e-con-boxed e-con e-child\" data-id=\"2bc55de\" data-element_type=\"container\">\n\t\t\t\t\t<div class=\"e-con-inner\">\n\t\t\t\t<div class=\"elementor-element elementor-element-5c4db6b elementor-widget elementor-widget-text-editor\" data-id=\"5c4db6b\" data-element_type=\"widget\" data-widget_type=\"text-editor.default\">\n\t\t\t\t<div class=\"elementor-widget-container\">\n\t\t\t\t\t\t\t\t\t<p>Incluye:<\/p><ul><li>Capacidad para 5 personas<\/li><li>1 rec\u00e1mara con cama matrimonial<\/li><li>1 rec\u00e1mara con 2 camas individuales<\/li><li>1 rec\u00e1mara con 1 cama individual<\/li><li>Ba\u00f1o<\/li><li>Sala comedor<\/li><li>Internet<\/li><li>Smart TV<\/li><li>Televisi\u00f3n por cable (servicio local)<\/li><li>Agua caliente las 24 horas<\/li><\/ul><p>Costo: $1,700.00 (5 personas)<\/p>\t\t\t\t\t\t\t\t<\/div>\n\t\t\t\t<\/div>\n\t\t\t\t\t<\/div>\n\t\t\t\t<\/div>\n\t\t<div class=\"elementor-element elementor-element-5c5c6a1 e-flex e-con-boxed e-con e-child\" data-id=\"5c5c6a1\" data-element_type=\"container\">\n\t\t\t\t\t<div class=\"e-con-inner\">\n\t\t\t\t<div class=\"elementor-element elementor-element-49554d9 elementor-align-center elementor-widget elementor-widget-button\" data-id=\"49554d9\" data-element_type=\"widget\" data-widget_type=\"button.default\">\n\t\t\t\t<div class=\"elementor-widget-container\">\n\t\t\t\t\t\t\t\t\t<div class=\"elementor-button-wrapper\">\n\t\t\t\t\t<a class=\"elementor-button elementor-button-link elementor-size-sm\" href=\"https:\/\/wa.link\/gwg8s5\">\n\t\t\t\t\t\t<span class=\"elementor-button-content-wrapper\">\n\t\t\t\t\t\t\t\t\t<span class=\"elementor-button-text\">Reservar<\/span>\n\t\t\t\t\t<\/span>\n\t\t\t\t\t<\/a>\n\t\t\t\t<\/div>\n\t\t\t\t\t\t\t\t<\/div>\n\t\t\t\t<\/div>\n\t\t\t\t\t<\/div>\n\t\t\t\t<\/div>\n\t\t\t\t<\/div>\n\t\t\t\t\t<\/div>\n\t\t\t\t<\/div>\n\t\t<div class=\"elementor-element elementor-element-a64fc9a e-flex e-con-boxed e-con e-parent\" data-id=\"a64fc9a\" data-element_type=\"container\">\n\t\t\t\t\t<div class=\"e-con-inner\">\n\t\t<div class=\"elementor-element elementor-element-c6a727e e-con-full e-flex e-con e-child\" data-id=\"c6a727e\" data-element_type=\"container\">\n\t\t\t\t<\/div>\n\t\t<div class=\"elementor-element elementor-element-a2e63e5 e-con-full e-flex e-con e-child\" data-id=\"a2e63e5\" data-element_type=\"container\">\n\t\t<div class=\"elementor-element elementor-element-ef4c285 e-flex e-con-boxed e-con e-child\" data-id=\"ef4c285\" data-element_type=\"container\">\n\t\t\t\t\t<div class=\"e-con-inner\">\n\t\t\t\t\t<\/div>\n\t\t\t\t<\/div>\n\t\t<div class=\"elementor-element elementor-element-014fc81 e-flex e-con-boxed e-con e-child\" data-id=\"014fc81\" data-element_type=\"container\">\n\t\t\t\t\t<div class=\"e-con-inner\">\n\t\t\t\t\t<\/div>\n\t\t\t\t<\/div>\n\t\t\t\t<\/div>\n\t\t\t\t\t<\/div>\n\t\t\t\t<\/div>\n\t\t\t\t<\/div>\n\t\t","protected":false},"excerpt":{"rendered":"<p>Incluye: Capacidad para 5 personas 1 rec\u00e1mara con cama matrimonial 1 rec\u00e1mara con 2 camas individuales 1 rec\u00e1mara con 1 cama individual Ba\u00f1o Sala comedor Internet Smart TV Televisi\u00f3n por cable (servicio local) Agua caliente las 24 horas Costo: $1,700.00 (5 personas) Reservar<\/p>\n","protected":false},"author":1,"featured_media":0,"parent":47,"menu_order":0,"comment_status":"closed","ping_status":"closed","template":"","meta":{"site-sidebar-layout":"no-sidebar","site-content-layout":"","ast-site-content-layout":"full-width-container","site-content-style":"default","site-sidebar-style":"default","ast-global-header-display":"","ast-banner-title-visibility":"","ast-main-header-display":"","ast-hfb-above-header-display":"","ast-hfb-below-header-display":"","ast-hfb-mobile-header-display":"","site-post-title":"disabled","ast-breadcrumbs-content":"","ast-featured-img":"disabled","footer-sml-layout":"","theme-transparent-header-meta":"","adv-header-id-meta":"","stick-header-meta":"","header-above-stick-meta":"","header-main-stick-meta":"","header-below-stick-meta":"","astra-migrate-meta-layouts":"default","ast-page-background-enabled":"default","ast-page-background-meta":{"desktop":{"background-color":"var(--ast-global-color-4)","background-image":"","background-repeat":"repeat","background-position":"center center","background-size":"auto","background-attachment":"scroll","background-type":"","background-media":"","overlay-type":"","overlay-color":"","overlay-opacity":"","overlay-gradient":""},"tablet":{"background-color":"","background-image":"","background-repeat":"repeat","background-position":"center center","background-size":"auto","background-attachment":"scroll","background-type":"","background-media":"","overlay-type":"","overlay-color":"","overlay-opacity":"","overlay-gradient":""},"mobile":{"background-color":"","background-image":"","background-repeat":"repeat","background-position":"center center","background-size":"auto","background-attachment":"scroll","background-type":"","background-media":"","overlay-type":"","overlay-color":"","overlay-opacity":"","overlay-gradient":""}},"ast-content-background-meta":{"desktop":{"background-color":"var(--ast-global-color-5)","background-image":"","background-repeat":"repeat","background-position":"center center","background-size":"auto","background-attachment":"scroll","background-type":"","background-media":"","overlay-type":"","overlay-color":"","overlay-opacity":"","overlay-gradient":""},"tablet":{"background-color":"var(--ast-global-color-5)","background-image":"","background-repeat":"repeat","background-position":"center center","background-size":"auto","background-attachment":"scroll","background-type":"","background-media":"","overlay-type":"","overlay-color":"","overlay-opacity":"","overlay-gradient":""},"mobile":{"background-color":"var(--ast-global-color-5)","background-image":"","background-repeat":"repeat","background-position":"center center","background-size":"auto","background-attachment":"scroll","background-type":"","background-media":"","overlay-type":"","overlay-color":"","overlay-opacity":"","overlay-gradient":""}},"footnotes":""},"class_list":["post-171","page","type-page","status-publish","hentry"],"yoast_head":"<!-- This site is optimized with the Yoast SEO plugin v26.5 - https:\/\/yoast.com\/wordpress\/plugins\/seo\/ -->\n<title>Departamento 2 - Luz de Luna Zacatlan<\/title>\n<meta name=\"robots\" content=\"index, follow, max-snippet:-1, max-image-preview:large, max-video-preview:-1\" \/>\n<link rel=\"canonical\" href=\"https:\/\/luzdelunazacatlan.com\/index.php\/departamentos\/departamento-2\/\" \/>\n<meta property=\"og:locale\" content=\"es_MX\" \/>\n<meta property=\"og:type\" content=\"article\" \/>\n<meta property=\"og:title\" content=\"Departamento 2 - Luz de Luna Zacatlan\" \/>\n<meta property=\"og:description\" content=\"Incluye: Capacidad para 5 personas 1 rec\u00e1mara con cama matrimonial 1 rec\u00e1mara con 2 camas individuales 1 rec\u00e1mara con 1 cama individual Ba\u00f1o Sala comedor Internet Smart TV Televisi\u00f3n por cable (servicio local) Agua caliente las 24 horas Costo: $1,700.00 (5 personas) Reservar\" \/>\n<meta property=\"og:url\" content=\"https:\/\/luzdelunazacatlan.com\/index.php\/departamentos\/departamento-2\/\" \/>\n<meta property=\"og:site_name\" content=\"Luz de Luna Zacatlan\" \/>\n<meta property=\"article:modified_time\" content=\"2025-12-05T02:48:08+00:00\" \/>\n<meta property=\"og:image\" content=\"https:\/\/luzdelunazacatlan.com\/wp-content\/uploads\/2023\/12\/DSC_0209-768x512.jpg\" \/>\n<meta name=\"twitter:card\" content=\"summary_large_image\" \/>\n<meta name=\"twitter:label1\" content=\"Tiempo de lectura\" \/>\n\t<meta name=\"twitter:data1\" content=\"2 minutos\" \/>\n<script type=\"application\/ld+json\" class=\"yoast-schema-graph\">{\"@context\":\"https:\/\/schema.org\",\"@graph\":[{\"@type\":\"WebPage\",\"@id\":\"https:\/\/luzdelunazacatlan.com\/index.php\/departamentos\/departamento-2\/\",\"url\":\"https:\/\/luzdelunazacatlan.com\/index.php\/departamentos\/departamento-2\/\",\"name\":\"Departamento 2 - Luz de Luna Zacatlan\",\"isPartOf\":{\"@id\":\"https:\/\/luzdelunazacatlan.com\/#website\"},\"primaryImageOfPage\":{\"@id\":\"https:\/\/luzdelunazacatlan.com\/index.php\/departamentos\/departamento-2\/#primaryimage\"},\"image\":{\"@id\":\"https:\/\/luzdelunazacatlan.com\/index.php\/departamentos\/departamento-2\/#primaryimage\"},\"thumbnailUrl\":\"https:\/\/luzdelunazacatlan.com\/wp-content\/uploads\/2023\/12\/DSC_0209-768x512.jpg\",\"datePublished\":\"2023-12-21T23:50:23+00:00\",\"dateModified\":\"2025-12-05T02:48:08+00:00\",\"breadcrumb\":{\"@id\":\"https:\/\/luzdelunazacatlan.com\/index.php\/departamentos\/departamento-2\/#breadcrumb\"},\"inLanguage\":\"es\",\"potentialAction\":[{\"@type\":\"ReadAction\",\"target\":[\"https:\/\/luzdelunazacatlan.com\/index.php\/departamentos\/departamento-2\/\"]}]},{\"@type\":\"ImageObject\",\"inLanguage\":\"es\",\"@id\":\"https:\/\/luzdelunazacatlan.com\/index.php\/departamentos\/departamento-2\/#primaryimage\",\"url\":\"https:\/\/luzdelunazacatlan.com\/wp-content\/uploads\/2023\/12\/DSC_0209-scaled.jpg\",\"contentUrl\":\"https:\/\/luzdelunazacatlan.com\/wp-content\/uploads\/2023\/12\/DSC_0209-scaled.jpg\",\"width\":2560,\"height\":1707},{\"@type\":\"BreadcrumbList\",\"@id\":\"https:\/\/luzdelunazacatlan.com\/index.php\/departamentos\/departamento-2\/#breadcrumb\",\"itemListElement\":[{\"@type\":\"ListItem\",\"position\":1,\"name\":\"Inicio\",\"item\":\"https:\/\/luzdelunazacatlan.com\/\"},{\"@type\":\"ListItem\",\"position\":2,\"name\":\"Departamentos\",\"item\":\"https:\/\/luzdelunazacatlan.com\/index.php\/departamentos\/\"},{\"@type\":\"ListItem\",\"position\":3,\"name\":\"Departamento 2\"}]},{\"@type\":\"WebSite\",\"@id\":\"https:\/\/luzdelunazacatlan.com\/#website\",\"url\":\"https:\/\/luzdelunazacatlan.com\/\",\"name\":\"Luz de Luna\",\"description\":\"\",\"publisher\":{\"@id\":\"https:\/\/luzdelunazacatlan.com\/#\/schema\/person\/3310c79dd98aa11ad03c0ff9ef903383\"},\"potentialAction\":[{\"@type\":\"SearchAction\",\"target\":{\"@type\":\"EntryPoint\",\"urlTemplate\":\"https:\/\/luzdelunazacatlan.com\/?s={search_term_string}\"},\"query-input\":{\"@type\":\"PropertyValueSpecification\",\"valueRequired\":true,\"valueName\":\"search_term_string\"}}],\"inLanguage\":\"es\"},{\"@type\":[\"Person\",\"Organization\"],\"@id\":\"https:\/\/luzdelunazacatlan.com\/#\/schema\/person\/3310c79dd98aa11ad03c0ff9ef903383\",\"name\":\"luzdelunazacatlan.com\",\"image\":{\"@type\":\"ImageObject\",\"inLanguage\":\"es\",\"@id\":\"https:\/\/luzdelunazacatlan.com\/#\/schema\/person\/image\/\",\"url\":\"https:\/\/luzdelunazacatlan.com\/wp-content\/uploads\/2023\/12\/Luz-de-Luna-03.png\",\"contentUrl\":\"https:\/\/luzdelunazacatlan.com\/wp-content\/uploads\/2023\/12\/Luz-de-Luna-03.png\",\"width\":4500,\"height\":4500,\"caption\":\"luzdelunazacatlan.com\"},\"logo\":{\"@id\":\"https:\/\/luzdelunazacatlan.com\/#\/schema\/person\/image\/\"},\"sameAs\":[\"http:\/\/luzdelunazacatlan.com\"]}]}<\/script>\n<!-- \/ Yoast SEO plugin. -->","yoast_head_json":{"title":"Departamento 2 - Luz de Luna Zacatlan","robots":{"index":"index","follow":"follow","max-snippet":"max-snippet:-1","max-image-preview":"max-image-preview:large","max-video-preview":"max-video-preview:-1"},"canonical":"https:\/\/luzdelunazacatlan.com\/index.php\/departamentos\/departamento-2\/","og_locale":"es_MX","og_type":"article","og_title":"Departamento 2 - Luz de Luna Zacatlan","og_description":"Incluye: Capacidad para 5 personas 1 rec\u00e1mara con cama matrimonial 1 rec\u00e1mara con 2 camas individuales 1 rec\u00e1mara con 1 cama individual Ba\u00f1o Sala comedor Internet Smart TV Televisi\u00f3n por cable (servicio local) Agua caliente las 24 horas Costo: $1,700.00 (5 personas) Reservar","og_url":"https:\/\/luzdelunazacatlan.com\/index.php\/departamentos\/departamento-2\/","og_site_name":"Luz de Luna Zacatlan","article_modified_time":"2025-12-05T02:48:08+00:00","og_image":[{"url":"https:\/\/luzdelunazacatlan.com\/wp-content\/uploads\/2023\/12\/DSC_0209-768x512.jpg","type":"","width":"","height":""}],"twitter_card":"summary_large_image","twitter_misc":{"Tiempo de lectura":"2 minutos"},"schema":{"@context":"https:\/\/schema.org","@graph":[{"@type":"WebPage","@id":"https:\/\/luzdelunazacatlan.com\/index.php\/departamentos\/departamento-2\/","url":"https:\/\/luzdelunazacatlan.com\/index.php\/departamentos\/departamento-2\/","name":"Departamento 2 - Luz de Luna Zacatlan","isPartOf":{"@id":"https:\/\/luzdelunazacatlan.com\/#website"},"primaryImageOfPage":{"@id":"https:\/\/luzdelunazacatlan.com\/index.php\/departamentos\/departamento-2\/#primaryimage"},"image":{"@id":"https:\/\/luzdelunazacatlan.com\/index.php\/departamentos\/departamento-2\/#primaryimage"},"thumbnailUrl":"https:\/\/luzdelunazacatlan.com\/wp-content\/uploads\/2023\/12\/DSC_0209-768x512.jpg","datePublished":"2023-12-21T23:50:23+00:00","dateModified":"2025-12-05T02:48:08+00:00","breadcrumb":{"@id":"https:\/\/luzdelunazacatlan.com\/index.php\/departamentos\/departamento-2\/#breadcrumb"},"inLanguage":"es","potentialAction":[{"@type":"ReadAction","target":["https:\/\/luzdelunazacatlan.com\/index.php\/departamentos\/departamento-2\/"]}]},{"@type":"ImageObject","inLanguage":"es","@id":"https:\/\/luzdelunazacatlan.com\/index.php\/departamentos\/departamento-2\/#primaryimage","url":"https:\/\/luzdelunazacatlan.com\/wp-content\/uploads\/2023\/12\/DSC_0209-scaled.jpg","contentUrl":"https:\/\/luzdelunazacatlan.com\/wp-content\/uploads\/2023\/12\/DSC_0209-scaled.jpg","width":2560,"height":1707},{"@type":"BreadcrumbList","@id":"https:\/\/luzdelunazacatlan.com\/index.php\/departamentos\/departamento-2\/#breadcrumb","itemListElement":[{"@type":"ListItem","position":1,"name":"Inicio","item":"https:\/\/luzdelunazacatlan.com\/"},{"@type":"ListItem","position":2,"name":"Departamentos","item":"https:\/\/luzdelunazacatlan.com\/index.php\/departamentos\/"},{"@type":"ListItem","position":3,"name":"Departamento 2"}]},{"@type":"WebSite","@id":"https:\/\/luzdelunazacatlan.com\/#website","url":"https:\/\/luzdelunazacatlan.com\/","name":"Luz de Luna","description":"","publisher":{"@id":"https:\/\/luzdelunazacatlan.com\/#\/schema\/person\/3310c79dd98aa11ad03c0ff9ef903383"},"potentialAction":[{"@type":"SearchAction","target":{"@type":"EntryPoint","urlTemplate":"https:\/\/luzdelunazacatlan.com\/?s={search_term_string}"},"query-input":{"@type":"PropertyValueSpecification","valueRequired":true,"valueName":"search_term_string"}}],"inLanguage":"es"},{"@type":["Person","Organization"],"@id":"https:\/\/luzdelunazacatlan.com\/#\/schema\/person\/3310c79dd98aa11ad03c0ff9ef903383","name":"luzdelunazacatlan.com","image":{"@type":"ImageObject","inLanguage":"es","@id":"https:\/\/luzdelunazacatlan.com\/#\/schema\/person\/image\/","url":"https:\/\/luzdelunazacatlan.com\/wp-content\/uploads\/2023\/12\/Luz-de-Luna-03.png","contentUrl":"https:\/\/luzdelunazacatlan.com\/wp-content\/uploads\/2023\/12\/Luz-de-Luna-03.png","width":4500,"height":4500,"caption":"luzdelunazacatlan.com"},"logo":{"@id":"https:\/\/luzdelunazacatlan.com\/#\/schema\/person\/image\/"},"sameAs":["http:\/\/luzdelunazacatlan.com"]}]}},"_links":{"self":[{"href":"https:\/\/luzdelunazacatlan.com\/index.php\/wp-json\/wp\/v2\/pages\/171","targetHints":{"allow":["GET"]}}],"collection":[{"href":"https:\/\/luzdelunazacatlan.com\/index.php\/wp-json\/wp\/v2\/pages"}],"about":[{"href":"https:\/\/luzdelunazacatlan.com\/index.php\/wp-json\/wp\/v2\/types\/page"}],"author":[{"embeddable":true,"href":"https:\/\/luzdelunazacatlan.com\/index.php\/wp-json\/wp\/v2\/users\/1"}],"replies":[{"embeddable":true,"href":"https:\/\/luzdelunazacatlan.com\/index.php\/wp-json\/wp\/v2\/comments?post=171"}],"version-history":[{"count":37,"href":"https:\/\/luzdelunazacatlan.com\/index.php\/wp-json\/wp\/v2\/pages\/171\/revisions"}],"predecessor-version":[{"id":367,"href":"https:\/\/luzdelunazacatlan.com\/index.php\/wp-json\/wp\/v2\/pages\/171\/revisions\/367"}],"up":[{"embeddable":true,"href":"https:\/\/luzdelunazacatlan.com\/index.php\/wp-json\/wp\/v2\/pages\/47"}],"wp:attachment":[{"href":"https:\/\/luzdelunazacatlan.com\/index.php\/wp-json\/wp\/v2\/media?parent=171"}],"curies":[{"name":"wp","href":"https:\/\/api.w.org\/{rel}","templated":true}]}}