{"id":39,"date":"2023-12-16T20:46:09","date_gmt":"2023-12-16T20:46:09","guid":{"rendered":"https:\/\/luzdelunazacatlan.com\/?page_id=39"},"modified":"2025-12-05T02:44:26","modified_gmt":"2025-12-05T02:44:26","slug":"inicio","status":"publish","type":"page","link":"https:\/\/luzdelunazacatlan.com\/","title":{"rendered":"Inicio"},"content":{"rendered":"\t\t<div data-elementor-type=\"wp-page\" data-elementor-id=\"39\" class=\"elementor elementor-39\">\n\t\t\t\t<div class=\"elementor-element elementor-element-65a4dcb e-flex e-con-boxed e-con e-parent\" data-id=\"65a4dcb\" data-element_type=\"container\">\n\t\t\t\t\t<div class=\"e-con-inner\">\n\t\t\t\t<div class=\"elementor-element elementor-element-3ee51fe elementor-widget elementor-widget-video\" data-id=\"3ee51fe\" data-element_type=\"widget\" data-settings=\"{&quot;video_type&quot;:&quot;hosted&quot;,&quot;autoplay&quot;:&quot;yes&quot;,&quot;play_on_mobile&quot;:&quot;yes&quot;,&quot;loop&quot;:&quot;yes&quot;,&quot;mute&quot;:&quot;yes&quot;}\" data-widget_type=\"video.default\">\n\t\t\t\t<div class=\"elementor-widget-container\">\n\t\t\t\t\t\t\t<div class=\"e-hosted-video elementor-wrapper elementor-open-inline\">\n\t\t\t\t\t<video class=\"elementor-video\" src=\"http:\/\/luzdelunazacatlan.com\/wp-content\/uploads\/2023\/12\/Video-de-WhatsApp-2023-12-16-a-las-15.36.50_4132c569.mp4\" autoplay=\"\" loop=\"\" muted=\"muted\" playsinline=\"\" controlsList=\"nodownload\"><\/video>\n\t\t\t\t<\/div>\n\t\t\t\t\t\t<\/div>\n\t\t\t\t<\/div>\n\t\t\t\t\t<\/div>\n\t\t\t\t<\/div>\n\t\t<div class=\"elementor-element elementor-element-b8c1174 e-flex e-con-boxed e-con e-parent\" data-id=\"b8c1174\" data-element_type=\"container\">\n\t\t\t\t\t<div class=\"e-con-inner\">\n\t\t<div class=\"elementor-element elementor-element-6697b8b e-con-full e-flex e-con e-child\" data-id=\"6697b8b\" data-element_type=\"container\">\n\t\t\t\t<div class=\"elementor-element elementor-element-2f07032 elementor-widget elementor-widget-image\" data-id=\"2f07032\" data-element_type=\"widget\" data-widget_type=\"image.default\">\n\t\t\t\t<div class=\"elementor-widget-container\">\n\t\t\t\t\t\t\t\t\t\t\t\t\t\t\t<img decoding=\"async\" src=\"https:\/\/luzdelunazacatlan.com\/wp-content\/uploads\/elementor\/thumbs\/Portada-qgygb88hoxlqod7a6ngrwkmw7sr194hd5uyoi6vge4.png\" title=\"Portada\" alt=\"Portada\" loading=\"lazy\" \/>\t\t\t\t\t\t\t\t\t\t\t\t\t\t\t<\/div>\n\t\t\t\t<\/div>\n\t\t\t\t<\/div>\n\t\t<div class=\"elementor-element elementor-element-0d5b264 e-con-full e-flex e-con e-child\" data-id=\"0d5b264\" data-element_type=\"container\">\n\t\t\t\t<div class=\"elementor-element elementor-element-e8f707a elementor-widget elementor-widget-text-editor\" data-id=\"e8f707a\" data-element_type=\"widget\" data-widget_type=\"text-editor.default\">\n\t\t\t\t<div class=\"elementor-widget-container\">\n\t\t\t\t\t\t\t\t\t<div id=\"comp-lk9ibr1a\" class=\"QOX0dS JCRlLH comp-lk9ibr1a wixui-box\"><div class=\"comp-lk9ibr1a-container\" data-testid=\"responsive-container-content\"><div id=\"comp-lpzpjhkb\" class=\"oYv3_8 comp-lpzpjhkb-container comp-lpzpjhkb wixui-video-box\" data-audio=\"off\" data-has-play=\"\" data-playing=\"\" data-can-play=\"\"><div class=\"F9nckB\" tabindex=\"0\" role=\"button\" aria-label=\" Play video\" aria-pressed=\"true\"><div id=\"bgLayers_comp-lpzpjhkb\" class=\"MW5IWV wmoHxw\" data-hook=\"bgLayers\"><div id=\"bgMedia_comp-lpzpjhkb\" class=\"VgO9Yg\"><span style=\"font-size: 16px;\">\u00a1Bienvenidos a Luz de Luna!<\/span><\/div><\/div><\/div><\/div><\/div><\/div><div id=\"comp-lk9ibr2d\" class=\"QOX0dS JCRlLH comp-lk9ibr2d wixui-box\"><div class=\"comp-lk9ibr2d-container\" data-testid=\"responsive-container-content\"><div id=\"comp-lk9iprl2\" class=\"BaOVQ8 tz5f0K comp-lk9iprl2 wixui-rich-text\" data-testid=\"richTextElement\"><p>\u00a0<\/p><p class=\"font_8 wixui-rich-text__text\">En nombre de nuestro equipo, es un placer darles la m\u00e1s cordial bienvenida a nuestro acogedor rinc\u00f3n, Luz de Luna. Nos emociona tenerlos como hu\u00e9spedes y hacer que su estad\u00eda sea inolvidable.<\/p><p class=\"font_8 wixui-rich-text__text\">En Luz de Luna, nos esforzamos por ofrecer un ambiente sereno y acogedor que les permita relajarse y disfrutar de momentos especiales. Nuestras instalaciones est\u00e1n dise\u00f1adas pensando en su comodidad, y nuestro personal est\u00e1 dedicado a brindarles un servicio excepcional.<\/p><p class=\"font_8 wixui-rich-text__text\">Exploren nuestras c\u00f3modas habitaciones, disfruten de la serenidad de nuestros espacios al aire libre y descubran todo lo que Luz de Luna tiene para ofrecer. Estamos aqu\u00ed para hacer que su experiencia sea \u00fanica y memorable.<\/p><p class=\"font_8 wixui-rich-text__text\">Si tienen alguna pregunta o necesitan asistencia durante su estad\u00eda, no duden en contactar con nuestro amable personal. Estamos comprometidos con su satisfacci\u00f3n y haremos todo lo posible para que su visita sea inolvidable.<\/p><p class=\"font_8 wixui-rich-text__text\">\u00a1Esperamos que disfruten de su tiempo en Luz de Luna \u00a0y que creen recuerdos que perduren por siempre!<\/p><\/div><\/div><\/div>\t\t\t\t\t\t\t\t<\/div>\n\t\t\t\t<\/div>\n\t\t\t\t<\/div>\n\t\t\t\t\t<\/div>\n\t\t\t\t<\/div>\n\t\t<div class=\"elementor-element elementor-element-b5ace34 e-flex e-con-boxed e-con e-parent\" data-id=\"b5ace34\" data-element_type=\"container\">\n\t\t\t\t\t<div class=\"e-con-inner\">\n\t\t\t\t\t<\/div>\n\t\t\t\t<\/div>\n\t\t\t\t<\/div>\n\t\t","protected":false},"excerpt":{"rendered":"<p>http:\/\/luzdelunazacatlan.com\/wp-content\/uploads\/2023\/12\/Video-de-WhatsApp-2023-12-16-a-las-15.36.50_4132c569.mp4 \u00a1Bienvenidos a Luz de Luna! \u00a0 En nombre de nuestro equipo, es un placer darles la m\u00e1s cordial bienvenida a nuestro acogedor rinc\u00f3n, Luz de Luna. Nos emociona tenerlos como hu\u00e9spedes y hacer que su estad\u00eda sea inolvidable. En Luz de Luna, nos esforzamos por ofrecer un ambiente sereno y acogedor que les permita [&hellip;]<\/p>\n","protected":false},"author":1,"featured_media":0,"parent":0,"menu_order":0,"comment_status":"closed","ping_status":"closed","template":"","meta":{"site-sidebar-layout":"no-sidebar","site-content-layout":"","ast-site-content-layout":"full-width-container","site-content-style":"default","site-sidebar-style":"default","ast-global-header-display":"","ast-banner-title-visibility":"","ast-main-header-display":"","ast-hfb-above-header-display":"","ast-hfb-below-header-display":"","ast-hfb-mobile-header-display":"","site-post-title":"disabled","ast-breadcrumbs-content":"","ast-featured-img":"disabled","footer-sml-layout":"","theme-transparent-header-meta":"","adv-header-id-meta":"","stick-header-meta":"","header-above-stick-meta":"","header-main-stick-meta":"","header-below-stick-meta":"","astra-migrate-meta-layouts":"default","ast-page-background-enabled":"default","ast-page-background-meta":{"desktop":{"background-color":"var(--ast-global-color-4)","background-image":"","background-repeat":"repeat","background-position":"center center","background-size":"auto","background-attachment":"scroll","background-type":"","background-media":"","overlay-type":"","overlay-color":"","overlay-opacity":"","overlay-gradient":""},"tablet":{"background-color":"","background-image":"","background-repeat":"repeat","background-position":"center center","background-size":"auto","background-attachment":"scroll","background-type":"","background-media":"","overlay-type":"","overlay-color":"","overlay-opacity":"","overlay-gradient":""},"mobile":{"background-color":"","background-image":"","background-repeat":"repeat","background-position":"center center","background-size":"auto","background-attachment":"scroll","background-type":"","background-media":"","overlay-type":"","overlay-color":"","overlay-opacity":"","overlay-gradient":""}},"ast-content-background-meta":{"desktop":{"background-color":"var(--ast-global-color-5)","background-image":"","background-repeat":"repeat","background-position":"center center","background-size":"auto","background-attachment":"scroll","background-type":"","background-media":"","overlay-type":"","overlay-color":"","overlay-opacity":"","overlay-gradient":""},"tablet":{"background-color":"var(--ast-global-color-5)","background-image":"","background-repeat":"repeat","background-position":"center center","background-size":"auto","background-attachment":"scroll","background-type":"","background-media":"","overlay-type":"","overlay-color":"","overlay-opacity":"","overlay-gradient":""},"mobile":{"background-color":"var(--ast-global-color-5)","background-image":"","background-repeat":"repeat","background-position":"center center","background-size":"auto","background-attachment":"scroll","background-type":"","background-media":"","overlay-type":"","overlay-color":"","overlay-opacity":"","overlay-gradient":""}},"footnotes":""},"class_list":["post-39","page","type-page","status-publish","hentry"],"yoast_head":"<!-- This site is optimized with the Yoast SEO plugin v26.5 - https:\/\/yoast.com\/wordpress\/plugins\/seo\/ -->\n<title>Inicio - Luz de Luna Zacatlan<\/title>\n<meta name=\"robots\" content=\"index, follow, max-snippet:-1, max-image-preview:large, max-video-preview:-1\" \/>\n<link rel=\"canonical\" href=\"https:\/\/luzdelunazacatlan.com\/\" \/>\n<meta property=\"og:locale\" content=\"es_MX\" \/>\n<meta property=\"og:type\" content=\"article\" \/>\n<meta property=\"og:title\" content=\"Inicio - Luz de Luna Zacatlan\" \/>\n<meta property=\"og:description\" content=\"http:\/\/luzdelunazacatlan.com\/wp-content\/uploads\/2023\/12\/Video-de-WhatsApp-2023-12-16-a-las-15.36.50_4132c569.mp4 \u00a1Bienvenidos a Luz de Luna! \u00a0 En nombre de nuestro equipo, es un placer darles la m\u00e1s cordial bienvenida a nuestro acogedor rinc\u00f3n, Luz de Luna. Nos emociona tenerlos como hu\u00e9spedes y hacer que su estad\u00eda sea inolvidable. En Luz de Luna, nos esforzamos por ofrecer un ambiente sereno y acogedor que les permita [&hellip;]\" \/>\n<meta property=\"og:url\" content=\"https:\/\/luzdelunazacatlan.com\/\" \/>\n<meta property=\"og:site_name\" content=\"Luz de Luna Zacatlan\" \/>\n<meta property=\"article:modified_time\" content=\"2025-12-05T02:44:26+00:00\" \/>\n<meta property=\"og:image\" content=\"https:\/\/luzdelunazacatlan.com\/wp-content\/uploads\/elementor\/thumbs\/Portada-qgygb88hoxlqod7a6ngrwkmw7sr194hd5uyoi6vge4.png\" \/>\n<meta name=\"twitter:card\" content=\"summary_large_image\" \/>\n<meta name=\"twitter:label1\" content=\"Tiempo de lectura\" \/>\n\t<meta name=\"twitter:data1\" content=\"1 minuto\" \/>\n<script type=\"application\/ld+json\" class=\"yoast-schema-graph\">{\"@context\":\"https:\/\/schema.org\",\"@graph\":[{\"@type\":\"WebPage\",\"@id\":\"https:\/\/luzdelunazacatlan.com\/\",\"url\":\"https:\/\/luzdelunazacatlan.com\/\",\"name\":\"Inicio - Luz de Luna Zacatlan\",\"isPartOf\":{\"@id\":\"https:\/\/luzdelunazacatlan.com\/#website\"},\"primaryImageOfPage\":{\"@id\":\"https:\/\/luzdelunazacatlan.com\/#primaryimage\"},\"image\":{\"@id\":\"https:\/\/luzdelunazacatlan.com\/#primaryimage\"},\"thumbnailUrl\":\"https:\/\/luzdelunazacatlan.com\/wp-content\/uploads\/elementor\/thumbs\/Portada-qgygb88hoxlqod7a6ngrwkmw7sr194hd5uyoi6vge4.png\",\"datePublished\":\"2023-12-16T20:46:09+00:00\",\"dateModified\":\"2025-12-05T02:44:26+00:00\",\"breadcrumb\":{\"@id\":\"https:\/\/luzdelunazacatlan.com\/#breadcrumb\"},\"inLanguage\":\"es\",\"potentialAction\":[{\"@type\":\"ReadAction\",\"target\":[\"https:\/\/luzdelunazacatlan.com\/\"]}]},{\"@type\":\"ImageObject\",\"inLanguage\":\"es\",\"@id\":\"https:\/\/luzdelunazacatlan.com\/#primaryimage\",\"url\":\"https:\/\/luzdelunazacatlan.com\/wp-content\/uploads\/elementor\/thumbs\/Portada-qgygb88hoxlqod7a6ngrwkmw7sr194hd5uyoi6vge4.png\",\"contentUrl\":\"https:\/\/luzdelunazacatlan.com\/wp-content\/uploads\/elementor\/thumbs\/Portada-qgygb88hoxlqod7a6ngrwkmw7sr194hd5uyoi6vge4.png\"},{\"@type\":\"BreadcrumbList\",\"@id\":\"https:\/\/luzdelunazacatlan.com\/#breadcrumb\",\"itemListElement\":[{\"@type\":\"ListItem\",\"position\":1,\"name\":\"Inicio\",\"item\":\"https:\/\/luzdelunazacatlan.com\/\"},{\"@type\":\"ListItem\",\"position\":2,\"name\":\"Inicio\"}]},{\"@type\":\"WebSite\",\"@id\":\"https:\/\/luzdelunazacatlan.com\/#website\",\"url\":\"https:\/\/luzdelunazacatlan.com\/\",\"name\":\"Luz de Luna\",\"description\":\"\",\"publisher\":{\"@id\":\"https:\/\/luzdelunazacatlan.com\/#\/schema\/person\/3310c79dd98aa11ad03c0ff9ef903383\"},\"potentialAction\":[{\"@type\":\"SearchAction\",\"target\":{\"@type\":\"EntryPoint\",\"urlTemplate\":\"https:\/\/luzdelunazacatlan.com\/?s={search_term_string}\"},\"query-input\":{\"@type\":\"PropertyValueSpecification\",\"valueRequired\":true,\"valueName\":\"search_term_string\"}}],\"inLanguage\":\"es\"},{\"@type\":[\"Person\",\"Organization\"],\"@id\":\"https:\/\/luzdelunazacatlan.com\/#\/schema\/person\/3310c79dd98aa11ad03c0ff9ef903383\",\"name\":\"luzdelunazacatlan.com\",\"image\":{\"@type\":\"ImageObject\",\"inLanguage\":\"es\",\"@id\":\"https:\/\/luzdelunazacatlan.com\/#\/schema\/person\/image\/\",\"url\":\"https:\/\/luzdelunazacatlan.com\/wp-content\/uploads\/2023\/12\/Luz-de-Luna-03.png\",\"contentUrl\":\"https:\/\/luzdelunazacatlan.com\/wp-content\/uploads\/2023\/12\/Luz-de-Luna-03.png\",\"width\":4500,\"height\":4500,\"caption\":\"luzdelunazacatlan.com\"},\"logo\":{\"@id\":\"https:\/\/luzdelunazacatlan.com\/#\/schema\/person\/image\/\"},\"sameAs\":[\"http:\/\/luzdelunazacatlan.com\"]}]}<\/script>\n<!-- \/ Yoast SEO plugin. -->","yoast_head_json":{"title":"Inicio - Luz de Luna Zacatlan","robots":{"index":"index","follow":"follow","max-snippet":"max-snippet:-1","max-image-preview":"max-image-preview:large","max-video-preview":"max-video-preview:-1"},"canonical":"https:\/\/luzdelunazacatlan.com\/","og_locale":"es_MX","og_type":"article","og_title":"Inicio - Luz de Luna Zacatlan","og_description":"http:\/\/luzdelunazacatlan.com\/wp-content\/uploads\/2023\/12\/Video-de-WhatsApp-2023-12-16-a-las-15.36.50_4132c569.mp4 \u00a1Bienvenidos a Luz de Luna! \u00a0 En nombre de nuestro equipo, es un placer darles la m\u00e1s cordial bienvenida a nuestro acogedor rinc\u00f3n, Luz de Luna. Nos emociona tenerlos como hu\u00e9spedes y hacer que su estad\u00eda sea inolvidable. En Luz de Luna, nos esforzamos por ofrecer un ambiente sereno y acogedor que les permita [&hellip;]","og_url":"https:\/\/luzdelunazacatlan.com\/","og_site_name":"Luz de Luna Zacatlan","article_modified_time":"2025-12-05T02:44:26+00:00","og_image":[{"url":"https:\/\/luzdelunazacatlan.com\/wp-content\/uploads\/elementor\/thumbs\/Portada-qgygb88hoxlqod7a6ngrwkmw7sr194hd5uyoi6vge4.png","type":"","width":"","height":""}],"twitter_card":"summary_large_image","twitter_misc":{"Tiempo de lectura":"1 minuto"},"schema":{"@context":"https:\/\/schema.org","@graph":[{"@type":"WebPage","@id":"https:\/\/luzdelunazacatlan.com\/","url":"https:\/\/luzdelunazacatlan.com\/","name":"Inicio - Luz de Luna Zacatlan","isPartOf":{"@id":"https:\/\/luzdelunazacatlan.com\/#website"},"primaryImageOfPage":{"@id":"https:\/\/luzdelunazacatlan.com\/#primaryimage"},"image":{"@id":"https:\/\/luzdelunazacatlan.com\/#primaryimage"},"thumbnailUrl":"https:\/\/luzdelunazacatlan.com\/wp-content\/uploads\/elementor\/thumbs\/Portada-qgygb88hoxlqod7a6ngrwkmw7sr194hd5uyoi6vge4.png","datePublished":"2023-12-16T20:46:09+00:00","dateModified":"2025-12-05T02:44:26+00:00","breadcrumb":{"@id":"https:\/\/luzdelunazacatlan.com\/#breadcrumb"},"inLanguage":"es","potentialAction":[{"@type":"ReadAction","target":["https:\/\/luzdelunazacatlan.com\/"]}]},{"@type":"ImageObject","inLanguage":"es","@id":"https:\/\/luzdelunazacatlan.com\/#primaryimage","url":"https:\/\/luzdelunazacatlan.com\/wp-content\/uploads\/elementor\/thumbs\/Portada-qgygb88hoxlqod7a6ngrwkmw7sr194hd5uyoi6vge4.png","contentUrl":"https:\/\/luzdelunazacatlan.com\/wp-content\/uploads\/elementor\/thumbs\/Portada-qgygb88hoxlqod7a6ngrwkmw7sr194hd5uyoi6vge4.png"},{"@type":"BreadcrumbList","@id":"https:\/\/luzdelunazacatlan.com\/#breadcrumb","itemListElement":[{"@type":"ListItem","position":1,"name":"Inicio","item":"https:\/\/luzdelunazacatlan.com\/"},{"@type":"ListItem","position":2,"name":"Inicio"}]},{"@type":"WebSite","@id":"https:\/\/luzdelunazacatlan.com\/#website","url":"https:\/\/luzdelunazacatlan.com\/","name":"Luz de Luna","description":"","publisher":{"@id":"https:\/\/luzdelunazacatlan.com\/#\/schema\/person\/3310c79dd98aa11ad03c0ff9ef903383"},"potentialAction":[{"@type":"SearchAction","target":{"@type":"EntryPoint","urlTemplate":"https:\/\/luzdelunazacatlan.com\/?s={search_term_string}"},"query-input":{"@type":"PropertyValueSpecification","valueRequired":true,"valueName":"search_term_string"}}],"inLanguage":"es"},{"@type":["Person","Organization"],"@id":"https:\/\/luzdelunazacatlan.com\/#\/schema\/person\/3310c79dd98aa11ad03c0ff9ef903383","name":"luzdelunazacatlan.com","image":{"@type":"ImageObject","inLanguage":"es","@id":"https:\/\/luzdelunazacatlan.com\/#\/schema\/person\/image\/","url":"https:\/\/luzdelunazacatlan.com\/wp-content\/uploads\/2023\/12\/Luz-de-Luna-03.png","contentUrl":"https:\/\/luzdelunazacatlan.com\/wp-content\/uploads\/2023\/12\/Luz-de-Luna-03.png","width":4500,"height":4500,"caption":"luzdelunazacatlan.com"},"logo":{"@id":"https:\/\/luzdelunazacatlan.com\/#\/schema\/person\/image\/"},"sameAs":["http:\/\/luzdelunazacatlan.com"]}]}},"_links":{"self":[{"href":"https:\/\/luzdelunazacatlan.com\/index.php\/wp-json\/wp\/v2\/pages\/39","targetHints":{"allow":["GET"]}}],"collection":[{"href":"https:\/\/luzdelunazacatlan.com\/index.php\/wp-json\/wp\/v2\/pages"}],"about":[{"href":"https:\/\/luzdelunazacatlan.com\/index.php\/wp-json\/wp\/v2\/types\/page"}],"author":[{"embeddable":true,"href":"https:\/\/luzdelunazacatlan.com\/index.php\/wp-json\/wp\/v2\/users\/1"}],"replies":[{"embeddable":true,"href":"https:\/\/luzdelunazacatlan.com\/index.php\/wp-json\/wp\/v2\/comments?post=39"}],"version-history":[{"count":37,"href":"https:\/\/luzdelunazacatlan.com\/index.php\/wp-json\/wp\/v2\/pages\/39\/revisions"}],"predecessor-version":[{"id":352,"href":"https:\/\/luzdelunazacatlan.com\/index.php\/wp-json\/wp\/v2\/pages\/39\/revisions\/352"}],"wp:attachment":[{"href":"https:\/\/luzdelunazacatlan.com\/index.php\/wp-json\/wp\/v2\/media?parent=39"}],"curies":[{"name":"wp","href":"https:\/\/api.w.org\/{rel}","templated":true}]}}